{"id":1668,"date":"2015-12-14T10:56:19","date_gmt":"2015-12-14T07:56:19","guid":{"rendered":"http:\/\/www.vikipesa.ee\/?page_id=1668"},"modified":"2015-12-14T10:56:19","modified_gmt":"2015-12-14T07:56:19","slug":"ostutingimused","status":"publish","type":"page","link":"https:\/\/www.vikipesa.ee\/?page_id=1668","title":{"rendered":"Ostutingimused"},"content":{"rendered":"<p><strong>Sisukord:<\/strong><br \/>\n1. Ostutingimuste ulatus ja kehtivus<br \/>\n2. Hind<br \/>\n3. Ostukorv ja tellimuse vormistamine<br \/>\n4. Toodete eest tasumine<br \/>\n5. Toodete kohaletoimetamine ja \u00fcleandmine<br \/>\n6. Tellimusest taganemine enne tellimuse t\u00e4itmist<br \/>\n7. Taganemis\u00f5igus<br \/>\n8. Lepingutingimustele mittevastavate toodete tagastamine<br \/>\n9. M\u00fc\u00fcja \u00f5igused tellimustest taganemisel<br \/>\n10. Isikuandmed ja nende kasutamine<br \/>\n11. Vastutus ja v\u00e4\u00e4ramatu j\u00f5ud<br \/>\n12. Muud tingimused<\/p>\n<p><strong>1. Ostutingimuste ulatus ja kehtivus<\/strong><br \/>\n1.1 Ostutingimused kehtivad m\u00fc\u00fcja, MT\u00dc Vikipesa (registrikood 80325609, aadress Nurme 17, Tabivere, J\u00f5gevamaa, Eesti, tel. +372 53 490 388, e-post: info@vikipesa.ee, edaspidi M\u00fc\u00fcja), ja Tellija (edaspidi Tellija) vahel veebipoe aadressiga www.vikipesa.ee (edaspidi E-pood) vahendusel toodete ostmisel tekkivate \u00f5igussuhete kohta.<br \/>\n1.2 Lisaks Ostutingimustele reguleerivad E-poe vahendusel toodete ostmisel tekkivaid \u00f5igussuhteid Eesti Vabariigis kehtivad \u00f5igusaktid.<br \/>\n1.3 M\u00fc\u00fcja on \u00f5igustatud E-poe arengust tulenevalt ning E-poe parema ja turvalisema kasutamise huvides Ostutingimusi ja hinnakirja muutma. Ostutingimuste ja hinnakirja muudatused j\u00f5ustuvad vastava muudatuse avaldamisest interneti lehek\u00fcljel www.vikipesa.ee. Kui Tellija edastas oma tellimuse enne Ostutingimuste muudatuste j\u00f5ustumist, kohaldatakse tellimuse edastamise ajal kehtinud Ostutingimusi, v.a kui seaduses v\u00f5i Ostutingimustes on ette n\u00e4htud teisiti.<\/p>\n<p><strong>2. Hind<\/strong><br \/>\n2.1. E-poes m\u00fc\u00fcdavate toodete hinnad on eurodes. MT\u00dc Vikipesa ei ole k\u00e4ibemaksukohuslane<br \/>\n2.2. Ostetud toodetele lisandub transpordihind, mis arvutatakse Tellija ostukorvis p\u00e4rast kohaletoimetamisviisi valikut.<br \/>\n2.3. M\u00fc\u00fcja j\u00e4tab endale \u00f5iguse korrigeerida hindu. Kui Tellija edastas oma tellimuse enne hinna muutmist, siis kehtib Tellijale hind, mis oli arvel kajastatud tellimuse vormistamise momendil.<\/p>\n<p><strong>3. Ostukorv ja tellimuse vormistamine<\/strong><br \/>\n3.1. Tellija ostukorv luuakse hetkel, kui Tellija klikib lingile \u201eLisa ostukorvi\u201c.<br \/>\n3.2. Ostukorvis olevate toodete arvu saab muuta lahtris \u201ekogus\u201c. Tellimuse vormistamiseks tuleb klikkida lingile \u201eVormista ost\u201d. Tellija suunatakse tellimuse vormistamise lehek\u00fcljele.<br \/>\n3.3. Tellimust saab vormistada nii registreerimata k\u00fclalisena kui ka registreerides endale konto. Tellimuse vormistamise lehel tuleb sisestada n\u00f5utavad andmed ning klikkida nupule \u201eTelli ja maksa\u201d.<br \/>\n3.4. Tellimuse vormistamise lehek\u00fcljel olevate lahtrite t\u00e4itmisel tuleb olla t\u00e4helepanelik, sest selle informatsiooni t\u00e4psusest ja \u00f5igsusest s\u00f5ltub Tellija poolt ostetud toodete kiire ja h\u00e4ireteta kohaletoimetamine. M\u00fc\u00fcja ei vastuta t\u00e4itmisel Tellija poolt esitatud ebakorrektsetest andmetest tingitud tellimuse mittet\u00e4itmise v\u00f5i muude sellest tulenevate tagaj\u00e4rgede eest.<br \/>\n3.5. M\u00fc\u00fcgileping loetakse s\u00f5lmituks ja tellimuse t\u00e4itmist alustatakse, kui tellimus on esitatud ja arve j\u00e4rgi tasumisele kuuluv summa on laekunud M\u00fc\u00fcja arvelduskontole.<br \/>\n3.8. E-poes kuvatud tootepildid on illustratiivse t\u00e4hendusega ning v\u00f5ivad erineda tegelikust tootest. E-poes olevad tootekirjeldused ei pruugi olla ammendavad.<br \/>\n3.9. Klienditugi t\u00f6\u00f6tab t\u00f6\u00f6p\u00e4eviti kell 9-17. Klienditoe telefon on +372 53 490 388.<br \/>\n3.10. Klienditugi t\u00f6\u00f6tab eesti, vene ja inglise keeles.<\/p>\n<p><strong>4. Toodete eest tasumine<\/strong><br \/>\n4.1. Makse sooritamiseks tuleb valida tellimuse vormistamise lehek\u00fcljel sobiv makseviis (kas paypal v\u00f5i arvega m\u00fc\u00fck). P\u00e4rast tellimuse esitamist saadetakse makse aluseks olev arve Tellijale tellimuse kinnitusena ka elektronpostiga. Tellijal on soovitav enne arve tasumist kontrollida, et arves sisalduvad andmed vastavad Tellija tellimuses sisalduvale soovile.<br \/>\n4.2. Makseviisid:<br \/>\n4.2.1. Paypal.<br \/>\n4.2.4. Arvega m\u00fc\u00fck \u2013 arve alusel panga\u00fclekandega M\u00fc\u00fcja pangakontole. Arve saadetakse Tellijale tellimuse kinnitusena elektronpostiga. Makset\u00e4htaeg on 2 p\u00e4eva alates tellimuse kinnituse \/ arve kuup\u00e4evast. Tellimuse t\u00e4itmisega hakatakse tegelema alates hetkest, kui arvel n\u00e4idatud kogusumma on laekunud M\u00fc\u00fcja pangakontole. Juhul, kui raha ei laeku M\u00fc\u00fcja pangakontole makset\u00e4htajaja jooksul, siis tellimus ja arve t\u00fchistatakse automaatselt.<br \/>\n4.3. Maksetingimused:<br \/>\n4.3.1. maksetingimus ettemaks \u2013 100% arve j\u00e4rgi tasumisele kuuluvast summast tasutakse tellimuse vormistamisel.<\/p>\n<p><strong>5. Toodete kohaletoimetamine ja \u00fcleandmine<\/strong><br \/>\n5.1. Tellimuse vormistamisel saab valida sobiva kohaletoimetamisviisi:<br \/>\n5.1.1. Tulen ise j\u00e4rele &#8211; Tellija ja M\u00fc\u00fcja lepivad kokku kauba k\u00e4ttesaamise koha<br \/>\n5.1.2. Eesti Post maksikiri<br \/>\n5.2. Tellimuse vormistamisel on soovitav kontrollida esitatavate kontaktandmete \u00f5igsust v\u00e4ltimaks viivitusi ja arusaamatusi toodete kohaletoimetamisel. M\u00fc\u00fcja ja kullerfirma ei vastuta toodete kohaletoimetamise viivituse ja tekkinud arusaamatuste eest juhul, kui viivitus v\u00f5i arusaamatus on tingitud Tellija poolt tellimuse vormistamisel esitatud andmete ebat\u00e4psusest v\u00f5i eba\u00f5igsusest.<br \/>\n5.3. E-poes kuvatud tooted on tavaliselt laos olemas. Kui toode puudub laost ja tellimust ei ole v\u00f5imalik t\u00e4ita, siis teatab M\u00fc\u00fcja sellest Tellijale kontakttelefoni v\u00f5i elektronposti teel 2 t\u00f6\u00f6p\u00e4eva jooksul arvates Lepingu j\u00f5ustumisest ning pakub v\u00e4lja v\u00f5imaliku uue tarneaja v\u00f5i toote asendamise samav\u00e4\u00e4rse teise tootega, mis on sama hinna ja kvaliteediga. Kui Tellija ei soovi uut v\u00f5i asendustoodet, siis tagastatakse Tellija poolt tasutud summa (koos transpordi maksumusega) hiljemalt 14 p\u00e4eva jooksul.<br \/>\n5.4. Eritellimus ja Tellija poolt valitud kujundusega kauba tarneaeg lepitakse kokku eraldi e-posti teel.<\/p>\n<p><strong>6. Tellimusest taganemine enne tellimuse t\u00e4itmist<\/strong><br \/>\n6.1. Kui Tellija soovib tellimuse esitamise j\u00e4rgselt ja enne tellimuse t\u00e4itmist tellimusest taganeda, siis teatab Tellija sellest viivitamatult kirjalikult M\u00fc\u00fcja elektronposti aadressile info@vikipesa.ee E-kirja tuleb m\u00e4rkida tellimuse number, millest soovitakse taganeda ning lisada oma kontaktandmed (eesnimi, perekonnanimi, tellimuse esitamise kuup\u00e4ev, kontakttelefon, pangakonto nr).<br \/>\n6.2 Kui taganemisavaldus j\u00f5uab M\u00fc\u00fcja peale M\u00fc\u00fcja poolset tellimuse t\u00e4itmist, siis toimub tellimusest taganemine vastavalt E-poe Ostutingimuste peat\u00fckile \u201eTaganemis\u00f5igus\u201d.<br \/>\n6.3 Tellimusest taganemisel tagastatakse Tellijale ostu ees tasutud summa (koos transpordimaksumusega) Tellija poolt n\u00e4idatud pangakontole hiljemalt 30 p\u00e4eva jooksul alates tellimusest taganemise teate k\u00e4tte saamisest.<\/p>\n<p><strong>7. Taganemis\u00f5igus<\/strong><br \/>\n7.1 E-poes s\u00f5lmitud lepingutele kehtib 14 p\u00e4evane taganemis\u00f5igus. 14-p\u00e4evane t\u00e4htaeg algab alates tellimuse pakiautomaati v\u00f5i postkontorisse saabumise teate k\u00e4ttesaamisest Tellija poolt, kulleri puhul alates tellimuse kohalej\u00f5udmisest Tellija aadressile.<br \/>\n7.2 Tagastatav toode peab olema puuduseta, t\u00e4iskomplektne, originaalpakendis ja kasutamata. Taganemis\u00f5iguse kasutamiseks peab Tellija avama tootepakendi ettevaatlikult seda kahjustamata.<br \/>\n7.3 Taganemis\u00f5iguse kasutamiseks tuleb Tellijal 14 p\u00e4eva jooksul alates toote \u00fcleandmisest esitada taganemisavaldus elektronposti aadressile info@vikipesa.ee ja tagastada toode M\u00fc\u00fcjale v\u00e4hemalt 14 p\u00e4eva jooksul alates taganemisteate esitamisest.<br \/>\n7.4 Taganemisel kannab M\u00fc\u00fcja Tellijale ostu ees tasutud summa (koos transpordimaksumusega) Tellija poolt taganemisavalduses n\u00e4idatud pangakontole hiljemalt 30 p\u00e4eva jooksul alates taganemisteate saamisest, kuid mitte varem kui M\u00fc\u00fcja on tagastatud toote k\u00e4tte saanud.<br \/>\n7.5 Tagastamisega seonduvad kulud tasub Tellija.<br \/>\n7.6 Juhul kui peale toote tagastamist ilmneb, et toode ei vasta E-poe Ostutingimuste punktis 7.2 toodud tingimustele, siis raha ei tagastata ning tagastatud toode j\u00e4\u00e4b M\u00fc\u00fcja juurde hoiule. Hoiustamise v\u00f5i Tellijale toote tagastamisega seotud kulud katab Tellija.<br \/>\n7.7. Eritellimus ja Tellija poolt valitud kujundusega kaupa ei saa tagastada, v\u00e4lja arvatud toodete puuduste korral.<\/p>\n<p><strong>8. Lepingutingimustele mittevastavate toodete tagastamine<\/strong><br \/>\n8.1. M\u00fc\u00fcja vastutab toodete lepingutingimustele mittevastavuse ja puuduste eest, mis ilmnevad 2 aasta jooksul arvates toodete \u00fcleandmisest Tellijale.<br \/>\n8.2. M\u00fc\u00fcja ei vastuta:<br \/>\n8.2.1. Tellija s\u00fc\u00fcl toote halvenemise\/kahjustumise eest;<br \/>\n8.2.2. puuduste eest, mis on tekkinud toote mittesihtotstarbelise kasutamise tagaj\u00e4rjel;<br \/>\n8.2.3. toote normaalse f\u00fc\u00fcsilise kulumise eest tavalise kasutamise korral.<br \/>\n8.3. Toote n\u00f5uetele mittevastavuse v\u00f5i toote juures puuduste avastamisel saadab Tellija toote tagastamise avalduse vastava teate hiljemalt 2 kuu jooksul arvates toote n\u00f5uetele mittevastavuse v\u00f5i toote juures puuduse avastamisest M\u00fc\u00fcja elektronposti aadressile info@vikipesa.ee v\u00f5i helistab M\u00fc\u00fcja kontakttelefonil +372 53 490 388. Nimetatud t\u00e4htaja m\u00f5juva p\u00f5hjuseta j\u00e4rgimata j\u00e4tmise korral kaotab Tellija \u00f5iguse tugineda toote n\u00f5uetele mittevastavusele.<br \/>\n8.4. Toote n\u00f5uetele mittevastavuse v\u00f5i puuduse korral on Tellijal \u00f5igus n\u00f5uda toote asendamist n\u00f5uetele vastava ja puudusteta toote vastu v\u00f5i taganeda tellimusest ja tagastada n\u00f5uetele mittevastav toode M\u00fc\u00fcja kulul.<br \/>\n8.5. N\u00f5uetele mittevastava toote tagastamise korral kantakse toote eest tasutud summa (koos transpordimaksumusega) Tellija poolt avalduses n\u00e4idatud pangakontole hiljemalt 30 p\u00e4eva jooksul arvates tellimusest taganemise ja toote tagastamise soovi kohta teate saamisest, kuid mitte varem kui M\u00fc\u00fcja on tagastatud toote k\u00e4tte saanud. M\u00fc\u00fcja v\u00f5ib loobuda toote tagastamise n\u00f5udest.<br \/>\n8.6. Lisaks pretensioonide esitamise \u00f5igusele on Tellijal ka muud seadusest tulenevad \u00f5igused \u00f5iguskaitsevahendite kasutamiseks.<\/p>\n<p><strong>9. M\u00fc\u00fcja \u00f5igused tellimustest taganemisel<\/strong><br \/>\n9.1. M\u00fc\u00fcjal on \u00f5igus tellimusest taganeda kui:<br \/>\n9.1.1. Tellija ei tasu arvet t\u00e4htaegselt;<br \/>\n9.1.2. Tellija ei tule toodetele t\u00e4htaegselt j\u00e4rele;<br \/>\n9.1.3. Tellitud tooted on laost otsas.<\/p>\n<p><strong>10. Isikuandmed ja nende kasutamine<\/strong><br \/>\n10.1. K\u00f5iki E-poe k\u00fclastamise ja ostude sooritamise k\u00e4igus teatavaks saanud Tellija isikuandmeid k\u00e4sitletakse kui konfidentsiaalset infot. M\u00fc\u00fcja ei avalda temale teatavaks saanud andmeid kolmandale osapoolele, v.a. seadusega etten\u00e4htud juhtudel. Soovi korral on Tellijal \u00f5igus n\u00f5uda oma andmete kustutamist E-poe andmebaasist. Kr\u00fcptitud andmesidekanal pankadega tagab Tellija isikuandmete ja pangarekvisiitide turvalisuse. M\u00fc\u00fcjal puudub neile juurdep\u00e4\u00e4s.<br \/>\n10.2. Tellija annab n\u00f5usoleku saata m\u00fc\u00fcgipakkumisi ja uudiskirju tellimuse esitamisel sisestud elektronposti aadressil juhul, kui Tellija on m\u00e4rkinud \u00e4ra vastava n\u00f5usoleku tellimuse esitamise lehel linnukesega vastavas aknas.<\/p>\n<p><strong>11. Vastutus ja v\u00e4\u00e4ramatu j\u00f5ud<\/strong><br \/>\n11.1. M\u00fc\u00fcja vastutab Tellija ees ja Tellija vastutab M\u00fc\u00fcja ees teisele poolele k\u00e4esolevate tingimuste rikkumisega tekitatud kahju eest Eesti Vabariigis kehtivates \u00f5igusaktides s\u00e4testatud juhtudel ja ulatuses.<br \/>\n11.2. M\u00fc\u00fcja ei vastuta Tellijale tekitatud kahjude eest v\u00f5i toote kohaletoimetamise viibimise eest juhul, kui kahju v\u00f5i toote kohaletoomise viibimine on tingitud asjaolust, mida M\u00fc\u00fcja ei saanud m\u00f5jutada ning mille saabumist M\u00fc\u00fcja ei n\u00e4inud ette ega v\u00f5inud ette n\u00e4ha (v\u00e4\u00e4ramatu j\u00f5ud).<br \/>\n11.3. M\u00fc\u00fcja ei vastuta Tellija e-poe teenuste kasutamist eeldavate seadmete tarkvara andmesides\u00fcsteemide muretsemise ja korrashoidmisega seotud ning samuti muude E-poe teenuse kasutamisest p\u00f5hjustatud kulutuste eest.<\/p>\n<p><strong>12. Muud tingimused<\/strong><br \/>\n12.1. K\u00e4esolevates tingimustes eraldi lahendamata k\u00fcsimustes l\u00e4htutakse Eesti Vabariigis kehtivatest \u00f5igusaktidest.<br \/>\n12.2. Tellija ja M\u00fc\u00fcja vahel seoses E-poe vahendusel toodete tellimise ja ostmisega tekkinud vaidlused lahendatakse l\u00e4bir\u00e4\u00e4kimiste teel. Kokkuleppe mittesaavutamisel on Tellijal \u00f5igus p\u00f6\u00f6rduda oma \u00f5iguste kaitseks Tarbijakaitseametisse v\u00f5i Tartu Maakohtusse. Vaidluste lahendamisel l\u00e4htutakse Eesti Vabariigis kehtivatest \u00f5igusaktidest.<br \/>\n12.3. Ostutingimustega tutvumine on Tellijale kohustuslik.<br \/>\n12.4. Tellimuse esitamisel m\u00e4rkides linnukesega vastavas aknas \u201ePalun kinnitage, et olete n\u00f5us Ostutingimustega\u201d, kinnitab Tellija, et on tutvunud Ostutingimustega, neist aru saanud ja n\u00f5ustunud.<\/p>\n","protected":false},"excerpt":{"rendered":"<p>Sisukord: 1. Ostutingimuste ulatus ja kehtivus 2. Hind 3. Ostukorv ja tellimuse vormistamine 4. Toodete eest tasumine 5. Toodete kohaletoimetamine ja \u00fcleandmine 6. Tellimusest taganemine enne tellimuse t\u00e4itmist 7. Taganemis\u00f5igus 8. Lepingutingimustele mittevastavate toodete tagastamine 9. M\u00fc\u00fcja \u00f5igused tellimustest taganemisel 10. Isikuandmed ja nende kasutamine 11. Vastutus ja v\u00e4\u00e4ramatu j\u00f5ud 12. Muud tingimused 1. Ostutingimuste [&hellip;]<\/p>\n","protected":false},"author":4,"featured_media":0,"parent":0,"menu_order":0,"comment_status":"closed","ping_status":"closed","template":"","meta":{"footnotes":""},"class_list":["post-1668","page","type-page","status-publish","hentry"],"_links":{"self":[{"href":"https:\/\/www.vikipesa.ee\/index.php?rest_route=\/wp\/v2\/pages\/1668","targetHints":{"allow":["GET"]}}],"collection":[{"href":"https:\/\/www.vikipesa.ee\/index.php?rest_route=\/wp\/v2\/pages"}],"about":[{"href":"https:\/\/www.vikipesa.ee\/index.php?rest_route=\/wp\/v2\/types\/page"}],"author":[{"embeddable":true,"href":"https:\/\/www.vikipesa.ee\/index.php?rest_route=\/wp\/v2\/users\/4"}],"replies":[{"embeddable":true,"href":"https:\/\/www.vikipesa.ee\/index.php?rest_route=%2Fwp%2Fv2%2Fcomments&post=1668"}],"version-history":[{"count":1,"href":"https:\/\/www.vikipesa.ee\/index.php?rest_route=\/wp\/v2\/pages\/1668\/revisions"}],"predecessor-version":[{"id":1669,"href":"https:\/\/www.vikipesa.ee\/index.php?rest_route=\/wp\/v2\/pages\/1668\/revisions\/1669"}],"wp:attachment":[{"href":"https:\/\/www.vikipesa.ee\/index.php?rest_route=%2Fwp%2Fv2%2Fmedia&parent=1668"}],"curies":[{"name":"wp","href":"https:\/\/api.w.org\/{rel}","templated":true}]}}