{"id":182,"date":"2010-03-18T11:02:16","date_gmt":"2010-03-18T08:02:16","guid":{"rendered":"http:\/\/www.vikipesa.ee\/?page_id=182"},"modified":"2016-11-21T09:08:45","modified_gmt":"2016-11-21T06:08:45","slug":"kontakt","status":"publish","type":"page","link":"https:\/\/www.vikipesa.ee\/?page_id=182","title":{"rendered":"Kontakt"},"content":{"rendered":"<h1><\/h1>\n<h1>MT\u00dc Vikipesa<\/h1>\n<p>&nbsp;<\/p>\n<p>e-mail: virgylia@vikipesa.ee<\/p>\n<p>tel: +372 53 490 388<\/p>\n<h1><\/h1>\n<h1>Seoses siin kirja saatmisega paluks j\u00e4lgida paari asja, et ei oleks asjatult muresid:<\/h1>\n<ul>\n<li>j\u00e4lgige, et nimi l\u00e4heks \u00f5ieti!<\/li>\n<li>eriti vajalik oleks, et MEILI AADRESS oleks olemas ja korrektselt kirjutatud&#8230;sest palju tuleb kirju kus pole aadressit v\u00f5i on nii valesti see kirjas ja siis n\u00e4hakse ju mind s\u00fc\u00fcdlasena, et ei suvatse vastata \ud83d\ude41<\/li>\n<li>kirjadele ei saa vahel kohe vastata.<\/li>\n<li>mina puhkan n\u00e4dalavahetustel ja p\u00fchade ajal oma perega!<\/li>\n<li>kui ootad ikka veel vastust, saada julgelt uuesti, meenutamaks ennast, sest vahel peale nv v\u00f5ib olla liiga palju kirju ja m\u00f5ni j\u00e4\u00e4b kahe silma vahele.<\/li>\n<\/ul>\n<div class=\"frm_forms  with_frm_style frm_style_formidable-style\" id=\"frm_form_2_container\" >\n<form enctype=\"multipart\/form-data\" method=\"post\" class=\"frm-show-form \" id=\"form_clbstp\" >\n<div class=\"frm_form_fields \">\n<fieldset>\n\r\n<div class=\"frm_fields_container\">\n<input type=\"hidden\" name=\"frm_action\" value=\"create\" \/>\n<input type=\"hidden\" name=\"form_id\" value=\"2\" \/>\n<input type=\"hidden\" name=\"frm_hide_fields_2\" id=\"frm_hide_fields_2\" value=\"\" \/>\n<input type=\"hidden\" name=\"form_key\" value=\"clbstp\" \/>\n<input type=\"hidden\" name=\"item_meta[0]\" value=\"\" \/>\n<input type=\"hidden\" id=\"frm_submit_entry_2\" name=\"frm_submit_entry_2\" value=\"f82d4702c9\" \/><input type=\"hidden\" name=\"_wp_http_referer\" value=\"\/index.php?rest_route=%2Fwp%2Fv2%2Fpages%2F182\" \/><div id=\"frm_field_7_container\" class=\"form-field  frm_required_field  frm_top_container\">\r\n    <label class=\"frm_pos_ frm_primary_label\">Nimi\r\n        <span class=\"frm_required\">*<\/span>\r\n    <\/label>\r\n    <input type=\"text\" id=\"field_djp1vc\" name=\"item_meta[7]\" value=\"\"  style=\"width:180px\" maxlength=\"20\" data-reqmsg=\"Sisesta nimi\" aria-required=\"true\" data-invmsg=\"Nimi is invalid\" class=\"auto_width\" aria-invalid=\"false\"  \/>\r\n    \r\n<\/div>\n<div id=\"frm_field_8_container\" class=\"form-field  frm_required_field  frm_top_container\">\r\n    <label class=\"frm_pos_ frm_primary_label\">e-post\r\n        <span class=\"frm_required\">*<\/span>\r\n    <\/label>\r\n    <input type=\"text\" id=\"field_ij8ep4\" name=\"item_meta[8]\" value=\"\"  style=\"width:180px\" data-reqmsg=\"Sisesta e-psti aadress\" aria-required=\"true\" data-invmsg=\"e-post is invalid\" class=\"auto_width\" aria-invalid=\"false\"  \/>\r\n    \r\n<\/div>\n<div id=\"frm_field_14_container\" class=\"form-field   frm_top_container\">\r\n    <label class=\"frm_pos_ frm_primary_label\">Telefon\r\n        <span class=\"frm_required\"><\/span>\r\n    <\/label>\r\n    <input type=\"text\" id=\"field_telefon\" name=\"item_meta[14]\" value=\"\"  style=\"width:180px\" data-invmsg=\"Telefon is invalid\" class=\"auto_width\" aria-invalid=\"false\"  \/>\r\n    \r\n<\/div>\n<div id=\"frm_field_10_container\" class=\"form-field  frm_required_field  frm_top_container\">\r\n    <label class=\"frm_pos_ frm_primary_label\">Pealkiri\r\n        <span class=\"frm_required\"><\/span>\r\n    <\/label>\r\n    <input type=\"text\" id=\"field_arwg8o\" name=\"item_meta[10]\" value=\"\"  style=\"width:180px\" data-reqmsg=\"Subject cannot be blank\" aria-required=\"true\" data-invmsg=\"Pealkiri is invalid\" class=\"auto_width\" aria-invalid=\"false\"  \/>\r\n    \r\n<\/div>\n<div id=\"frm_field_73_container\" class=\"frm_form_field form-field  frm_none_container\">\n    <label for=\"g-recaptcha-response\" id=\"field_ruqaf_label\" class=\"frm_primary_label\">Robotil\u00f5ks\n        <span class=\"frm_required\" aria-hidden=\"true\"><\/span>\n    <\/label>\n    <div  id=\"field_ruqaf\" class=\"frm-g-recaptcha\" data-sitekey=\"6Lfo4c0pAAAAAAvJpbSpXsZgUABOkjjbiZUNIq5I\" data-size=\"normal\" data-theme=\"light\"><\/div>\n    \n    \n<\/div>\n<div id=\"frm_field_11_container\" class=\"form-field  frm_required_field  frm_top_container\">\r\n    <label class=\"frm_pos_ frm_primary_label\">Teade\r\n        <span class=\"frm_required\">*<\/span>\r\n    <\/label>\r\n    <textarea name=\"item_meta[11]\" id=\"field_rtpsbe\" rows=\"5\"  style=\"width:180px\" cols=\"20\" data-reqmsg=\"Sisesta teade\" aria-required=\"true\" data-invmsg=\"Teade is invalid\" class=\"auto_width\" aria-invalid=\"false\"  ><\/textarea>\r\n    \r\n<\/div>\n\t<input type=\"hidden\" name=\"item_key\" value=\"\" \/>\n\t\t\t<div id=\"frm_field_75_container\">\n\t\t\t<label for=\"field_uzbyy\" >\n\t\t\t\tIf you are human, leave this field blank.\t\t\t<\/label>\n\t\t\t<input  id=\"field_uzbyy\" type=\"text\" class=\"frm_form_field form-field frm_verify\" name=\"item_meta[75]\" value=\"\"  \/>\n\t\t<\/div>\n\t\t<input name=\"frm_state\" type=\"hidden\" value=\"HiwLeD56a\/1pKFUsO\/CTsNVHnYc1u3XBWdVRIDKb\/+0=\" \/><div class=\"frm_submit\">\r\n\r\n<input type=\"submit\" value=\"Saada\"  \/>\r\n<img decoding=\"async\" class=\"frm_ajax_loading\" src=\"https:\/\/www.vikipesa.ee\/wp-content\/plugins\/formidable\/images\/ajax_loader.gif\" alt=\"Sending\" style=\"visibility:hidden;\" \/>\r\n\r\n<\/div><\/div>\n<\/fieldset>\n<\/div>\n\n<p style=\"display: none !important;\" class=\"akismet-fields-container\" data-prefix=\"ak_\"><label>&#916;<textarea name=\"ak_hp_textarea\" cols=\"45\" rows=\"8\" maxlength=\"100\"><\/textarea><\/label><input type=\"hidden\" id=\"ak_js_1\" name=\"ak_js\" value=\"169\"\/><script>document.getElementById( \"ak_js_1\" ).setAttribute( \"value\", ( new Date() ).getTime() );<\/script><\/p><\/form>\n<\/div>\n\n","protected":false},"excerpt":{"rendered":"<p>MT\u00dc Vikipesa &nbsp; e-mail: virgylia@vikipesa.ee tel: +372 53 490 388 Seoses siin kirja saatmisega paluks j\u00e4lgida paari asja, et ei oleks asjatult muresid: j\u00e4lgige, et nimi l\u00e4heks \u00f5ieti! eriti vajalik oleks, et MEILI AADRESS oleks olemas ja korrektselt kirjutatud&#8230;sest palju tuleb kirju kus pole aadressit v\u00f5i on nii valesti see kirjas ja siis n\u00e4hakse ju [&hellip;]<\/p>\n","protected":false},"author":4,"featured_media":0,"parent":0,"menu_order":0,"comment_status":"closed","ping_status":"open","template":"","meta":{"footnotes":""},"class_list":["post-182","page","type-page","status-publish","hentry"],"_links":{"self":[{"href":"https:\/\/www.vikipesa.ee\/index.php?rest_route=\/wp\/v2\/pages\/182","targetHints":{"allow":["GET"]}}],"collection":[{"href":"https:\/\/www.vikipesa.ee\/index.php?rest_route=\/wp\/v2\/pages"}],"about":[{"href":"https:\/\/www.vikipesa.ee\/index.php?rest_route=\/wp\/v2\/types\/page"}],"author":[{"embeddable":true,"href":"https:\/\/www.vikipesa.ee\/index.php?rest_route=\/wp\/v2\/users\/4"}],"replies":[{"embeddable":true,"href":"https:\/\/www.vikipesa.ee\/index.php?rest_route=%2Fwp%2Fv2%2Fcomments&post=182"}],"version-history":[{"count":36,"href":"https:\/\/www.vikipesa.ee\/index.php?rest_route=\/wp\/v2\/pages\/182\/revisions"}],"predecessor-version":[{"id":1848,"href":"https:\/\/www.vikipesa.ee\/index.php?rest_route=\/wp\/v2\/pages\/182\/revisions\/1848"}],"wp:attachment":[{"href":"https:\/\/www.vikipesa.ee\/index.php?rest_route=%2Fwp%2Fv2%2Fmedia&parent=182"}],"curies":[{"name":"wp","href":"https:\/\/api.w.org\/{rel}","templated":true}]}}