{"id":703,"date":"2012-09-20T16:28:47","date_gmt":"2012-09-20T13:28:47","guid":{"rendered":"http:\/\/www.vikipesa.ee\/?page_id=703"},"modified":"2017-10-26T17:04:22","modified_gmt":"2017-10-26T14:04:22","slug":"tootoad","status":"publish","type":"page","link":"https:\/\/www.vikipesa.ee\/?page_id=703","title":{"rendered":"T\u00f6\u00f6tubade info"},"content":{"rendered":"<p>Juba aastaid olen r\u00e4nnanud m\u00f6\u00f6da Eestit ja jaganud oma kiindumust k\u00f6itmise vastu. Sest \u00fckski tehnika ei j\u00e4\u00e4 materjali taha! \ud83d\ude09\u00a0V\u00e4ikene \u00fclevaade erinevatest t\u00f6\u00f6tubadest:<\/p>\n<ul>\n<li>\n<h1>JAAPANIK\u00d6IDE<\/h1>\n<h1><img loading=\"lazy\" decoding=\"async\" class=\"alignnone\" src=\"https:\/\/lh4.googleusercontent.com\/-nZ-nLddIej8\/TikXBkFcXoI\/AAAAAAAAIrk\/V3zu2FcCQd0\/s720\/DSC_0009-17.JPG\" alt=\"\" width=\"432\" height=\"287\" \/><\/h1>\n<p>V\u00e4ga lihtne k\u00f6itestiil, mille erip\u00e4raks on seljal asetsev punutud \u00f5mblus. T\u00f6\u00f6tuba kestab kuni 4h. Valmib k\u00f6ide!<\/li>\n<li>\n<h1>COPTIC BINDING<\/h1>\n<p>(algajatele ehk \u00fche n\u00f5ela tehnika)<br \/>\n<img loading=\"lazy\" decoding=\"async\" class=\"alignnone\" src=\"https:\/\/lh4.googleusercontent.com\/-ZFr-neWyItc\/T7IsTpfrtbI\/AAAAAAAAKoA\/ZDZwY8-Oeo4\/s512\/ISETEGIJA29.jpg\" alt=\"\" width=\"384\" height=\"512\" \/><\/li>\n<\/ul>\n<p>Noben\u00e4ppudele m\u00f5nus \u00f5mblemis tehnika. Erinevus j\u00e4rgmisest tehnikast on see, et selja asetsevade palmikute \u00e4\u00e4rmised \u00f5mblused ei ole samasugused \u00fchtlased. T\u00f6\u00f6tuba kestab kuni 3h. Valmib k\u00f6ide!<\/p>\n<ul>\n<li>\n<h1>TWO NEEDLE COPTIC<\/h1>\n<p>(sama tehnika, mis eemine kuid n\u00f5uab suuremat vilumust, seet\u00f5ttu on edasij\u00f5udnutele sobilikum)<\/p>\n<h1><img loading=\"lazy\" decoding=\"async\" class=\"alignnone\" src=\"https:\/\/lh5.googleusercontent.com\/-VcGpApCsOWg\/T-G0KukpO1I\/AAAAAAAAKvo\/7B0C-Mmfpgc\/s640\/DSC_0160.JPG\" alt=\"\" width=\"384\" height=\"304\" \/><\/h1>\n<p>See tehnika erinevus seisneb selles, et k\u00f5ik palmikud seljal on \u00fchesugused ja \u00fchtlased, saab teha ka kahe v\u00e4rvilist. T\u00f6\u00f6tuba kestab kuni 3h. Valmib k\u00f6ite!<\/li>\n<li>\n<h1>LONG STICH BINDING<\/h1>\n<p>V\u00e4ga erinevate stiilidega h\u00e4sti lihtne k\u00f6itetehnika.<\/p>\n<h1><img loading=\"lazy\" decoding=\"async\" class=\"alignnone\" src=\"https:\/\/lh4.googleusercontent.com\/-OJ_4nFUljg4\/T8jpYhn1nSI\/AAAAAAAAKro\/lrOLkgYVS54\/s720\/ISETEGIJA34.jpg\" alt=\"\" width=\"432\" height=\"305\" \/><\/h1>\n<p>\u00dcks tehnika, kuid selle kasutamiseks on nii palju erinevaid v\u00f5imalusi. T\u00f6\u00f6tuba kestab kuni 3h. Valmib k\u00f6ide!<\/li>\n<li>\n<h1>PAELTELE \u00d5MMELDUD M\u00c4RKMIK<\/h1>\n<h1><img loading=\"lazy\" decoding=\"async\" class=\"alignnone\" src=\"https:\/\/lh3.googleusercontent.com\/-ZZGpoamF-ls\/TKRIC6CjZmI\/AAAAAAAAGEA\/YdMwl1NJyfw\/s720\/DSC_0229.JPG\" alt=\"\" width=\"432\" height=\"283\" \/><\/h1>\n<p>Lihtne tehnika, mis sarnaneb eelmisele, iseloomustab \u00f5mbluse sees asetsev pael, millega k\u00f6ide liidetakse kaantega. T\u00f6\u00f6tuba kestab 3h. Valmib k\u00f6ide!<\/li>\n<li>\n<h1>SECRET BELGIAN BINDING<\/h1>\n<h1><img loading=\"lazy\" decoding=\"async\" class=\"alignnone\" src=\"https:\/\/lh3.googleusercontent.com\/-XnhCJqHtLJM\/TsoQOZqr7OI\/AAAAAAAAJ0Y\/fWkdtKkdzfM\/s640\/DSC_0240-1.JPG\" alt=\"\" width=\"461\" height=\"331\" \/><\/h1>\n<p>P\u00f5nev \u00f5mblustehnika , kus algselt valmis tehtud kaante vahele \u00f5mmeldakse sisu. Kaaned tehakse kolmest osast, mis \u00f5mmeldakse omavahel kokku. T\u00f6\u00f6tuba kestab 3,5h. Valmib k\u00f6ide!<\/li>\n<li>\n<h1>\u00d5MBLUSETA ALBUMIK\u00d6IDE<\/h1>\n<p>Aega ja t\u00e4psust n\u00f5udev k\u00f6itetehnika.<\/p>\n<h1><img loading=\"lazy\" decoding=\"async\" class=\"alignnone\" src=\"https:\/\/lh6.googleusercontent.com\/-IeDEPZUkI5U\/TkmBbmwmQ2I\/AAAAAAAAI0c\/DAWur5s_83c\/s576\/DSC_0135.JPG\" alt=\"\" width=\"461\" height=\"392\" \/><\/h1>\n<p>Kuna see teema on aega n\u00f5udev ja me vaatleme mitu erinevat t\u00f6\u00f6v\u00f5tet, siis valmib 4h t\u00f6\u00f6toa raames v\u00e4ike (A5) valmis album v\u00f5i mitmest tehnikast koosnev n\u00e4idis\/n\u00e4idised.<\/li>\n<li>\n<h1>KARBIDISAINIMINE<\/h1>\n<\/li>\n<\/ul>\n<p>&nbsp;<\/p>\n<h4>Karbi teema on \u00fclisuur, pakkudes v\u00f5imalust teha oma soovi ja ideega praktilisi asju. Selleks on meil mitmeid erineva stiiliga karbit\u00f6\u00f6tube!<\/h4>\n<p>Lisaks on ilmunud n\u00fc\u00fcd ka karpide tegemise kohta Eesti esimene karbi raamat <a href=\"http:\/\/www.healugu.ee\/index.php?route=product\/product&amp;path=&amp;product_id=388#.VLJvlyusUe0\">&#8220;Raamideta karbimaailm&#8221;<br \/>\n<\/a><a href=\"https:\/\/www.vikipesa.ee\/wp-content\/uploads\/2012\/09\/995635_886545104698206_2376234265350353715_n.jpg\"><img loading=\"lazy\" decoding=\"async\" class=\"alignnone wp-image-1135\" src=\"https:\/\/www.vikipesa.ee\/wp-content\/uploads\/2012\/09\/995635_886545104698206_2376234265350353715_n.jpg\" alt=\"995635_886545104698206_2376234265350353715_n\" width=\"335\" height=\"335\" srcset=\"https:\/\/www.vikipesa.ee\/wp-content\/uploads\/2012\/09\/995635_886545104698206_2376234265350353715_n.jpg 480w, https:\/\/www.vikipesa.ee\/wp-content\/uploads\/2012\/09\/995635_886545104698206_2376234265350353715_n-100x100.jpg 100w, https:\/\/www.vikipesa.ee\/wp-content\/uploads\/2012\/09\/995635_886545104698206_2376234265350353715_n-150x150.jpg 150w, https:\/\/www.vikipesa.ee\/wp-content\/uploads\/2012\/09\/995635_886545104698206_2376234265350353715_n-300x300.jpg 300w\" sizes=\"auto, (max-width: 335px) 100vw, 335px\" \/><\/a><a href=\"http:\/\/www.healugu.ee\/index.php?route=product\/product&amp;path=&amp;product_id=388#.VLJvlyusUe0\"><br \/>\n<\/a><\/p>\n<h1><img loading=\"lazy\" decoding=\"async\" class=\"alignnone\" src=\"https:\/\/lh4.googleusercontent.com\/-s6-xP2ZT3nY\/TqEt6PUqyaI\/AAAAAAAAJTc\/wHmeuIAvOtk\/s640\/DSC_0084.JPG\" alt=\"\" width=\"493\" height=\"363\" \/><\/h1>\n<p>T\u00f6\u00f6toas \u00f5pime laeka t\u00fc\u00fcpi ja ka teistsuguste karpide disainimist tugevast k\u00f6itepapist, v\u00f5ttes arvestusse suurust, materjalide kasutust ja eesm\u00e4rki. T\u00f6\u00f6tuba kestab 3-4h. Valmib \u00fcks karp!<\/p>\n<p><strong>KOHVER<\/strong><\/p>\n<p><img loading=\"lazy\" decoding=\"async\" class=\"alignnone\" src=\"https:\/\/lh4.googleusercontent.com\/-gNvBQRnRDog\/UWLNHxyuStI\/AAAAAAAAMY0\/82fcp0KOwr4\/s576\/DCS_1975.JPG\" alt=\"\" width=\"518\" height=\"416\" \/><\/p>\n<p>Erit\u00fc\u00fcpi karp, millele paigaldatakse hinged ja kinnitus, kestvus u 3h<\/p>\n<h3>LAEGAS<\/h3>\n<p><img loading=\"lazy\" decoding=\"async\" class=\"alignnone\" src=\"https:\/\/lh4.googleusercontent.com\/-0b6hE1Vf54Y\/Ub8J-UnDJzI\/AAAAAAAAMsc\/_GH9wT3w0WE\/s640\/DCS_3780.JPG\" alt=\"\" width=\"511\" height=\"378\" \/><\/p>\n<p>CD-KAANED<\/p>\n<p><img loading=\"lazy\" decoding=\"async\" class=\"alignnone\" src=\"https:\/\/lh3.googleusercontent.com\/-GDklb3iizhY\/UmFjbyHS4vI\/AAAAAAAANK4\/k-_05WyiZSs\/s512\/isetegija8.jpg\" alt=\"\" width=\"384\" height=\"512\" \/><\/p>\n<p>KARP<\/p>\n<p><img loading=\"lazy\" decoding=\"async\" class=\"alignnone\" src=\"https:\/\/lh6.googleusercontent.com\/-bF0qBkQDWhU\/Ulzuc0PK7nI\/AAAAAAAANKE\/vJu65KmPH2Q\/s720\/DCS_5078.jpg\" alt=\"\" width=\"537\" height=\"370\" \/><\/p>\n<p>ERIKUJUD<\/p>\n<p><img loading=\"lazy\" decoding=\"async\" class=\"alignnone\" src=\"https:\/\/lh3.googleusercontent.com\/-Wpy2Cl7qEq8\/UlzuflRYvYI\/AAAAAAAANKM\/EIX6oiGgWu4\/s640\/DCS_5086.jpg\" alt=\"\" width=\"544\" height=\"424\" \/><\/p>\n<p><img loading=\"lazy\" decoding=\"async\" class=\"alignnone\" src=\"https:\/\/lh5.googleusercontent.com\/-KCHsqTxidJY\/U_t1i7FeOOI\/AAAAAAAAPB0\/lAxRLAqr83I\/s576\/DSC_9656.JPG\" alt=\"\" width=\"576\" height=\"512\" \/><\/p>\n<p><img loading=\"lazy\" decoding=\"async\" class=\"alignnone\" src=\"https:\/\/lh5.googleusercontent.com\/-7aYYDEIeLCU\/U-UJKPYvTtI\/AAAAAAAAO9s\/kMPC2zsT3-g\/s576\/DSC_9607.JPG\" alt=\"\" width=\"576\" height=\"462\" \/><\/p>\n<p>\u00dcmarkohver<\/p>\n<p><img loading=\"lazy\" decoding=\"async\" class=\"alignnone wp-image-1689\" src=\"https:\/\/www.vikipesa.ee\/wp-content\/uploads\/2016\/01\/DSC_2866.jpg\" alt=\"DSC_2866\" width=\"579\" height=\"617\" data-id=\"1689\" srcset=\"https:\/\/www.vikipesa.ee\/wp-content\/uploads\/2016\/01\/DSC_2866.jpg 1503w, https:\/\/www.vikipesa.ee\/wp-content\/uploads\/2016\/01\/DSC_2866-600x639.jpg 600w, https:\/\/www.vikipesa.ee\/wp-content\/uploads\/2016\/01\/DSC_2866-141x150.jpg 141w, https:\/\/www.vikipesa.ee\/wp-content\/uploads\/2016\/01\/DSC_2866-282x300.jpg 282w, https:\/\/www.vikipesa.ee\/wp-content\/uploads\/2016\/01\/DSC_2866-768x818.jpg 768w, https:\/\/www.vikipesa.ee\/wp-content\/uploads\/2016\/01\/DSC_2866-962x1024.jpg 962w, https:\/\/www.vikipesa.ee\/wp-content\/uploads\/2016\/01\/DSC_2866-870x926.jpg 870w\" sizes=\"auto, (max-width: 579px) 100vw, 579px\" \/><\/p>\n<p>K\u00f5ikides t\u00f6\u00f6tubades on ennek\u00f5ige vajalikud v\u00e4ga levinud t\u00f6\u00f6vahendid:<\/p>\n<ol>\n<li>Joonlaud<\/li>\n<li>Harilik<\/li>\n<li>K\u00e4\u00e4rid<\/li>\n<li>Liim (PVA, moment, pulgaliim)<\/li>\n<li>Osade tehnikatel n\u00f5el.<\/li>\n<li>ja muud kaunistamise elemendid.<\/li>\n<\/ol>\n<h3>Juhendajana v\u00f5tan mina kaasa vajaliku k\u00f6itepapi, karbi puhul nepaalipaberit ja k\u00f5iki teisi vajalikke t\u00f6\u00f6vahendeid. Seega mitte kellelgi ei j\u00e4\u00e4 t\u00f6\u00f6 tegemata \ud83d\ude42<br \/>\nT\u00f6\u00f6toa maksumus oleneb tingimustest: kaugele s\u00f5it, mitu t\u00f6\u00f6tuba korraga, kas on juba sisse arvestatud koharent, kas juhendaja v\u00f5tab enamus\/k\u00f5ik t\u00f6\u00f6vahendid, jne. See on 20<strong>-45\u20ac inimene .<br \/>\n<em>Lisaks tuleks arvestada seda , et alla 10 inimese ei tasu \u00e4ra ja ka ainult \u00fche t\u00f6\u00f6toa p\u00e4rast on suhteliselt kallis s\u00f5ita!<\/em><\/strong><\/h3>\n","protected":false},"excerpt":{"rendered":"<p>Juba aastaid olen r\u00e4nnanud m\u00f6\u00f6da Eestit ja jaganud oma kiindumust k\u00f6itmise vastu. Sest \u00fckski tehnika ei j\u00e4\u00e4 materjali taha! \ud83d\ude09\u00a0V\u00e4ikene \u00fclevaade erinevatest t\u00f6\u00f6tubadest: JAAPANIK\u00d6IDE V\u00e4ga lihtne k\u00f6itestiil, mille erip\u00e4raks on seljal asetsev punutud \u00f5mblus. T\u00f6\u00f6tuba kestab kuni 4h. Valmib k\u00f6ide! COPTIC BINDING (algajatele ehk \u00fche n\u00f5ela tehnika) Noben\u00e4ppudele m\u00f5nus \u00f5mblemis tehnika. Erinevus j\u00e4rgmisest tehnikast on [&hellip;]<\/p>\n","protected":false},"author":3,"featured_media":0,"parent":0,"menu_order":0,"comment_status":"open","ping_status":"open","template":"","meta":{"footnotes":""},"class_list":["post-703","page","type-page","status-publish","hentry"],"_links":{"self":[{"href":"https:\/\/www.vikipesa.ee\/index.php?rest_route=\/wp\/v2\/pages\/703","targetHints":{"allow":["GET"]}}],"collection":[{"href":"https:\/\/www.vikipesa.ee\/index.php?rest_route=\/wp\/v2\/pages"}],"about":[{"href":"https:\/\/www.vikipesa.ee\/index.php?rest_route=\/wp\/v2\/types\/page"}],"author":[{"embeddable":true,"href":"https:\/\/www.vikipesa.ee\/index.php?rest_route=\/wp\/v2\/users\/3"}],"replies":[{"embeddable":true,"href":"https:\/\/www.vikipesa.ee\/index.php?rest_route=%2Fwp%2Fv2%2Fcomments&post=703"}],"version-history":[{"count":12,"href":"https:\/\/www.vikipesa.ee\/index.php?rest_route=\/wp\/v2\/pages\/703\/revisions"}],"predecessor-version":[{"id":2031,"href":"https:\/\/www.vikipesa.ee\/index.php?rest_route=\/wp\/v2\/pages\/703\/revisions\/2031"}],"wp:attachment":[{"href":"https:\/\/www.vikipesa.ee\/index.php?rest_route=%2Fwp%2Fv2%2Fmedia&parent=703"}],"curies":[{"name":"wp","href":"https:\/\/api.w.org\/{rel}","templated":true}]}}