{"id":2647,"date":"2023-11-01T11:03:15","date_gmt":"2023-11-01T08:03:15","guid":{"rendered":"https:\/\/www.vikipesa.ee\/?post_type=product&#038;p=2647"},"modified":"2023-12-17T14:38:11","modified_gmt":"2023-12-17T11:38:11","slug":"lehm","status":"publish","type":"product","link":"https:\/\/www.vikipesa.ee\/?product=lehm","title":{"rendered":"LEHM"},"content":{"rendered":"<h2><img loading=\"lazy\" decoding=\"async\" class=\"alignnone size-full wp-image-2651\" style=\"font-size: 16px;\" src=\"https:\/\/www.vikipesa.ee\/wp-content\/uploads\/2023\/11\/lehm-scaled.jpg\" alt=\"\" width=\"2560\" height=\"2560\" data-id=\"2651\" srcset=\"https:\/\/www.vikipesa.ee\/wp-content\/uploads\/2023\/11\/lehm-scaled.jpg 2560w, https:\/\/www.vikipesa.ee\/wp-content\/uploads\/2023\/11\/lehm-300x300.jpg 300w, https:\/\/www.vikipesa.ee\/wp-content\/uploads\/2023\/11\/lehm-1024x1024.jpg 1024w, https:\/\/www.vikipesa.ee\/wp-content\/uploads\/2023\/11\/lehm-150x150.jpg 150w, https:\/\/www.vikipesa.ee\/wp-content\/uploads\/2023\/11\/lehm-768x768.jpg 768w, https:\/\/www.vikipesa.ee\/wp-content\/uploads\/2023\/11\/lehm-1536x1536.jpg 1536w, https:\/\/www.vikipesa.ee\/wp-content\/uploads\/2023\/11\/lehm-2048x2048.jpg 2048w, https:\/\/www.vikipesa.ee\/wp-content\/uploads\/2023\/11\/lehm-600x600.jpg 600w, https:\/\/www.vikipesa.ee\/wp-content\/uploads\/2023\/11\/lehm-100x100.jpg 100w\" sizes=\"auto, (max-width: 2560px) 100vw, 2560px\" \/>Kirjeldus<\/h2>\n<p>Helkija, l\u00e4bim\u00f5\u00f5duga 6cm on valmistatud EL standarditele vastavast 3M Scotchlite TM C12 liiklusm\u00e4rgi kilest. Helkija on pakendatud ja kaasas n\u00f6\u00f6r+haakn\u00f5el.<\/p>\n<p>Kuna peale on tr\u00fckitud eridisainiga pilt (arvestatud on v\u00f5imalikult palju, et disaini tr\u00fckk ei kataks pinda), siis on tegu ikkagi ennek\u00f5ige k\u00e4sit\u00f6\u00f6tootega!<\/p>\n<p>Olge hoitud ja liikuge turvaliselt, sest meid k\u00f5iki oodatakse koju ?<\/p>\n","protected":false},"excerpt":{"rendered":"<p>Kirjeldus Helkija, l\u00e4bim\u00f5\u00f5duga 6cm on valmistatud EL standarditele vastavast 3M Scotchlite TM C12 liiklusm\u00e4rgi kilest. Helkija on pakendatud ja kaasas n\u00f6\u00f6r+haakn\u00f5el. Kuna peale on tr\u00fckitud eridisainiga pilt (arvestatud on v\u00f5imalikult palju, et disaini tr\u00fckk ei kataks pinda), siis on tegu ikkagi ennek\u00f5ige k\u00e4sit\u00f6\u00f6tootega! Olge hoitud ja liikuge turvaliselt, sest meid k\u00f5iki oodatakse koju ?<\/p>\n","protected":false},"featured_media":2651,"comment_status":"open","ping_status":"closed","template":"","meta":[],"product_brand":[],"product_cat":[195],"product_tag":[],"class_list":{"0":"post-2647","1":"product","2":"type-product","3":"status-publish","4":"has-post-thumbnail","6":"product_cat-helkur","8":"first","9":"instock","10":"taxable","11":"shipping-taxable","12":"purchasable","13":"product-type-simple"},"_links":{"self":[{"href":"https:\/\/www.vikipesa.ee\/index.php?rest_route=\/wp\/v2\/product\/2647","targetHints":{"allow":["GET"]}}],"collection":[{"href":"https:\/\/www.vikipesa.ee\/index.php?rest_route=\/wp\/v2\/product"}],"about":[{"href":"https:\/\/www.vikipesa.ee\/index.php?rest_route=\/wp\/v2\/types\/product"}],"replies":[{"embeddable":true,"href":"https:\/\/www.vikipesa.ee\/index.php?rest_route=%2Fwp%2Fv2%2Fcomments&post=2647"}],"wp:featuredmedia":[{"embeddable":true,"href":"https:\/\/www.vikipesa.ee\/index.php?rest_route=\/wp\/v2\/media\/2651"}],"wp:attachment":[{"href":"https:\/\/www.vikipesa.ee\/index.php?rest_route=%2Fwp%2Fv2%2Fmedia&parent=2647"}],"wp:term":[{"taxonomy":"product_brand","embeddable":true,"href":"https:\/\/www.vikipesa.ee\/index.php?rest_route=%2Fwp%2Fv2%2Fproduct_brand&post=2647"},{"taxonomy":"product_cat","embeddable":true,"href":"https:\/\/www.vikipesa.ee\/index.php?rest_route=%2Fwp%2Fv2%2Fproduct_cat&post=2647"},{"taxonomy":"product_tag","embeddable":true,"href":"https:\/\/www.vikipesa.ee\/index.php?rest_route=%2Fwp%2Fv2%2Fproduct_tag&post=2647"}],"curies":[{"name":"wp","href":"https:\/\/api.w.org\/{rel}","templated":true}]}}